{"id":711,"date":"2012-02-24T20:02:23","date_gmt":"2012-02-24T19:02:23","guid":{"rendered":"http:\/\/www.hundvanliga-stockholm.se\/?page_id=711"},"modified":"2012-02-28T20:16:32","modified_gmt":"2012-02-28T19:16:32","slug":"karta-ovrigt","status":"publish","type":"page","link":"https:\/\/www.hundvanliga-stockholm.se\/index.php\/karta-ovrigt\/","title":{"rendered":"Karta &#8211; \u00d6vrigt"},"content":{"rendered":"<p>Anv\u00e4nd v\u00e5ra interaktiva kartor f\u00f6r att hitta hundparker, hundbad, hundv\u00e4nliga butiker, caf\u00e9er, barer, restauranger m.m.<\/p>\n<h3>Nu visas:<\/h3>\n<p><img decoding=\"async\" src=\"http:\/\/www.hundvanliga-stockholm.se\/wp-content\/uploads\/2012\/02\/Map-page-icon-ovrigt.jpg\" alt=\"\" \/><\/p>\n<div style=\"display:block; width:100%;\">\n<div class=\"wpgmza-directions-box wpgmaps_directions_outer_div\" data-map-id=\"6\" style=\"width:50%;display:none;\" id=\"wpgmaps_directions_edit_6\">\n<h2 class=\"wpgmza-directions-box__title\">Get Directions<\/h2>\n<div class=\"wpgmza-directions-box-inner\" id=\"wpgmaps_directions_editbox_6\">\n<div class=\"wpgmza-directions-actions wpgmza-form-field\">\n<div class=\"wpgmza-directions__travel-mode\">\n\t\t\t\t<span class=\"wpgmza-travel-mode-option wpgmza-travel-option__selected\" data-mode=\"driving\"><br \/>\n\t\t\t\t\t<img decoding=\"async\" src=\"https:\/\/www.hundvanliga-stockholm.se\/wp-content\/plugins\/wp-google-maps-pro\/images\/icons\/directions_car.png\"><br \/>\n\t\t\t\t<\/span><br \/>\n\t\t\t\t<span class=\"wpgmza-travel-mode-option\" data-mode=\"walking\"><br \/>\n\t\t\t\t\t<img decoding=\"async\" src=\"https:\/\/www.hundvanliga-stockholm.se\/wp-content\/plugins\/wp-google-maps-pro\/images\/icons\/directions_walking.png\"><br \/>\n\t\t\t\t<\/span><br \/>\n\t\t\t\t<span class=\"wpgmza-travel-mode-option\" data-mode=\"transit\"><br \/>\n\t\t\t\t\t<img decoding=\"async\" src=\"https:\/\/www.hundvanliga-stockholm.se\/wp-content\/plugins\/wp-google-maps-pro\/images\/icons\/directions_transit.png\"><br \/>\n\t\t\t\t<\/span><br \/>\n\t\t\t\t<span class=\"wpgmza-travel-mode-option\" data-mode=\"bicycling\"><br \/>\n\t\t\t\t\t<img decoding=\"async\" src=\"https:\/\/www.hundvanliga-stockholm.se\/wp-content\/plugins\/wp-google-maps-pro\/images\/icons\/directions_bike.png\"><br \/>\n\t\t\t\t<\/span>\n\t\t\t<\/div>\n<div class=\"wpgmza-directions-locations\">\n<div class=\"wpgmza-directions-from wpgmza-form-field\">\n<p>\t\t\t\t\t<i class=\"wpgmza-directions-from__icon fa fa-circle\"><\/i><\/p>\n<p>\t\t\t\t\t<label class=\"wpgmza-form-field__label\" for=\"wpgmza_input_from_6\"><br \/>\n\t\t\t\t\t\tFrom\t\t\t\t\t<\/label><\/p>\n<p>\t\t\t\t\t<input class=\"wpgmza-address wpgmza-directions-from wpgmza-form-field__input\" type=\"text\" placeholder=\"From\" value=\"\" id=\"wpgmza_input_from_6\" aria-label=\"From\"><\/p><\/div>\n<div class=\"wpgmza-directions-to wpgmza-form-field wpgmaps_to_row\">\n<p>\t\t\t\t\t<i class=\"wpgmza-directions-to__icon fa fas fa-map-marker\"><\/i><\/p>\n<p>\t\t\t\t\t<label class=\"wpgmza-form-field__label\" for=\"wpgmza_input_to_6\"><br \/>\n\t\t\t\t\t\tTo\t\t\t\t\t<\/label><br \/>\n\t\t\t\t\t<input class=\"wpgmza-address wpgmza-form-field__input wpgmza-directions-to\" type=\"text\" placeholder=\"To\" value=\"\" id=\"wpgmza_input_to_6\" aria-label=\"To\">\n\t\t\t\t<\/div>\n<div class=\"wpgmza-waypoint-via wpgmza-form-field wpgmza-form-field--no-pad wpgmaps_via wpgmaps_template\">\n<p>\t\t\t\t\t<i class=\"wpgmza-directions-from__icon fa fa-circle\"><\/i><\/p>\n<p>\t\t\t\t\t<input class=\"wpgmza-waypoint-via wpgmza-form-field__input wpgmaps_via\" type=\"text\" placeholder=\"Via\"><\/p>\n<p>\t\t\t\t\t<button href=\"javascript:%20;\" class=\"wpgmza_remove_via\"><br \/>\n\t\t\t\t\t\t<i class=\"fa fa-times\"><\/i><br \/>\n\t\t\t\t\t<\/button><\/p><\/div>\n<div class=\"wpgmza-add-waypoint wpgmza-form-field wpgmza-form-field--no-pad wpgmaps_add_waypoint\">\n<div class=\"wpgmaps_add_waypoint\">\n\t\t\t\t\t\t<a href=\"javascript:%20;\" class=\"wpgmaps_add_waypoint\" mapid=\"6\"><br \/>\n\t\t\t\t\t\t\t<i class=\"fa fa-plus-circle\" aria-hidden=\"true\"><\/i><br \/>\n\t\t\t\t\t\t\tAdd Waypoint\t\t\t\t\t\t<\/a>\n\t\t\t\t\t<\/div>\n<\/p><\/div>\n<\/p><\/div>\n<div class=\"wpgmza-hidden\">\n\t\t\t<label class=\"wpgmza-travel-mode wpgmza-form-field__label\" for=\"wpgmza_dir_type_6\"><br \/>\n\t\t\t\tFor\t\t\t<\/label><br \/>\n\t\t\t<select class=\"wpgmza-travel-mode wpgmza-form-field__input\" name=\"wpgmza_dir_type_6\" id=\"wpgmza_dir_type_6\" aria-label=\"For\"><option value=\"driving\"><br \/>\n\t\t\t\t\tDriving\t\t\t\t<\/option><option value=\"walking\"><br \/>\n\t\t\t\t\tWalking\t\t\t\t<\/option><option value=\"transit\"><br \/>\n\t\t\t\t\tTransit\t\t\t\t<\/option><option value=\"bicycling\"><br \/>\n\t\t\t\t\tBicycling\t\t\t\t<\/option><\/select>\n\t\t\t<\/div>\n<\/p><\/div>\n<div class=\"wpgmza-directions-options__section\">\n\t\t\t<a href=\"javascript:;\" class=\"wpgmza-show-directions-options\" id=\"wpgmza_show_options_6\" mapid=\"6\"><br \/>\n\t\t\t\tshow options\t\t\t<\/a><\/p>\n<p>\t\t\t<a href=\"javascript:;\" class=\"wpgmza-hide-directions-options\" id=\"wpgmza_hide_options_6\" mapid=\"6\"><br \/>\n\t\t\t\thide options\t\t\t<\/a><\/p>\n<div class=\"wpgmza-directions-options wpgmza-form-field wpgmza-form-field--no-pad wpgmza_dir_options\">\n\t\t\t\t<label class=\"class\"><br \/>\n\t\t\t\t\t<input type=\"checkbox\" class=\"wpgmza-avoid-tolls\" value=\"tolls\" name=\"wpgmza_tolls_6\" id=\"wpgmza_tolls_6\"><br \/>\n\t\t\t\t\tAvoid Tolls\t\t\t\t<\/label><br \/>\n\t\t\t\t<label class=\"class\"><br \/>\n\t\t\t\t\t<input type=\"checkbox\" class=\"wpgmza-avoid-highways\" value=\"highways\" name=\"wpgmza_highways_6\" id=\"wpgmza_highways_6\"><br \/>\n\t\t\t\t\tAvoid Highways\t\t\t\t<\/label><br \/>\n\t\t\t\t<label class=\"class\"><br \/>\n\t\t\t\t\t<input type=\"checkbox\" class=\"wpgmza-avoid-ferries\" value=\"ferries\" name=\"wpgmza_ferries_6\" id=\"wpgmza_ferries_6\"><br \/>\n\t\t\t\t\tAvoid Ferries\t\t\t\t<\/label>\n\t\t\t<\/div>\n<\/p><\/div>\n<\/p><\/div>\n<div class=\"wpgmza-directions-buttons wpgmza-form-field wpgmaps_to_row\">\n\t\t<input class=\"wpgmza-get-directions wpgmaps_get_directions\" onclick=\"javascript: ;\" type=\"button\" value=\"Go\" id=\"6\"><\/p>\n<p>\t\t<span class=\"wpgmza-directions-result__buttons\"><br \/>\n\t\t\t<a class=\"wpgmza-print-directions\" style=\"display: none;\" onclick=\"javascript: ;\" mapid=\"6\"><br \/>\n\t\t\t\tPrint directions\t\t\t<\/a><\/p>\n<p>\t\t\t<a class=\"wpgmza-reset-directions\" style=\"display: none;\" onclick=\"javascript: ;\" mapid=\"6\"><br \/>\n\t\t\t\tReset directions\t\t\t<\/a><br \/>\n\t\t<\/span>\n\t<\/div>\n<\/div>\n<div id=\"wpgmaps_directions_notification_6\" style=\"display:none;\">Fetching directions&#8230;&#8230;<\/div>\n<div id=\"wpgmaps_directions_reset_6\" style=\"display:none;\">\n<p>\t\t\t\t\t<a href='javascript:void(0)' onclick='wpgmza_reset_directions(6);' id='wpgmaps_reset_directions' title='Reset directions'>Reset directions<\/a><br \/>\n\t\t\t\t\t<br \/>\n\t\t\t\t\t<a href='javascript: ;' id='wpgmaps_print_directions_6' target='_blank' title='Print directions'>Print directions<\/a>\n\t\t\t\t<\/div>\n<div id=\"directions_panel_6\"><\/div>\n<\/p><\/div>\n<p>            <a name='map6'><\/a><\/p>\n<div class=\"wpgmza_map \" id=\"wpgmza_map_6\" style=\"display:block; overflow:auto; width:600; height:400; float:left;\" data-settings=\"{&quot;id&quot;:&quot;6&quot;,&quot;map_title&quot;:&quot;\\u00d6vrigt&quot;,&quot;map_width&quot;:&quot;600&quot;,&quot;map_height&quot;:&quot;400&quot;,&quot;map_start_lat&quot;:&quot;59.349493&quot;,&quot;map_start_lng&quot;:&quot;17.929399&quot;,&quot;map_start_location&quot;:&quot;59.34949330440608,17.929398972656262&quot;,&quot;map_start_zoom&quot;:&quot;11&quot;,&quot;default_marker&quot;:&quot;http:\\\/\\\/www.hundvanliga-stockholm.se\\\/wp-content\\\/uploads\\\/2012\\\/02\\\/pets1.png&quot;,&quot;type&quot;:&quot;1&quot;,&quot;alignment&quot;:&quot;1&quot;,&quot;directions_enabled&quot;:&quot;1&quot;,&quot;styling_enabled&quot;:&quot;0&quot;,&quot;styling_json&quot;:&quot;&quot;,&quot;active&quot;:&quot;0&quot;,&quot;kml&quot;:&quot;&quot;,&quot;bicycle&quot;:&quot;0&quot;,&quot;traffic&quot;:&quot;0&quot;,&quot;dbox&quot;:&quot;0&quot;,&quot;dbox_width&quot;:&quot;&quot;,&quot;listmarkers&quot;:&quot;0&quot;,&quot;listmarkers_advanced&quot;:&quot;0&quot;,&quot;filterbycat&quot;:&quot;0&quot;,&quot;ugm_enabled&quot;:&quot;0&quot;,&quot;ugm_category_enabled&quot;:&quot;0&quot;,&quot;fusion&quot;:&quot;&quot;,&quot;map_width_type&quot;:&quot;&quot;,&quot;map_height_type&quot;:&quot;&quot;,&quot;mass_marker_support&quot;:&quot;0&quot;,&quot;ugm_access&quot;:&quot;0&quot;,&quot;order_markers_by&quot;:&quot;0&quot;,&quot;order_markers_choice&quot;:&quot;0&quot;,&quot;show_user_location&quot;:&quot;0&quot;,&quot;default_to&quot;:&quot;&quot;,&quot;other_settings&quot;:{&quot;transport_layer&quot;:null,&quot;shortcodeAttributes&quot;:{&quot;id&quot;:&quot;6&quot;}}}\" data-map-id='6' data-shortcode-attributes=\"{&quot;id&quot;:&quot;6&quot;}\" > <\/div>\n<p>&nbsp;<\/p>\n<h4>Visa p\u00e5 kartan:<\/h4>\n<p><a href=\"http:\/\/www.hundvanliga-stockholm.se\/index.php\/kartor\/\"><img decoding=\"async\" src=\"http:\/\/www.hundvanliga-stockholm.se\/wp-content\/uploads\/2012\/02\/Map-page-icon-cafe2.jpg\" alt=\"\" \/><\/a><\/p>\n<p><a href=\"http:\/\/www.hundvanliga-stockholm.se\/index.php\/karta-shopping\/\"><img decoding=\"async\" src=\"http:\/\/www.hundvanliga-stockholm.se\/wp-content\/uploads\/2012\/02\/Map-page-icon-shopping3.jpg\" alt=\"\" \/><\/a><\/p>\n<p><a href=\"http:\/\/www.hundvanliga-stockholm.se\/index.php\/karta-affarer\/\"><img decoding=\"async\" src=\"http:\/\/www.hundvanliga-stockholm.se\/wp-content\/uploads\/2012\/02\/Map-page-icon-affar.jpg\" alt=\"\" \/><\/a><\/p>\n<p><a href=\"http:\/\/www.hundvanliga-stockholm.se\/index.php\/karta-hundbad\/\"><img decoding=\"async\" src=\"http:\/\/www.hundvanliga-stockholm.se\/wp-content\/uploads\/2012\/02\/Map-page-icon-hundbad3.jpg\" alt=\"\" \/><\/a><\/p>\n<p><a href=\"http:\/\/www.hundvanliga-stockholm.se\/index.php\/karta-ovrigt\/\"><img decoding=\"async\" src=\"http:\/\/www.hundvanliga-stockholm.se\/wp-content\/uploads\/2012\/02\/Map-page-icon-ovrigt.jpg\" alt=\"\" \/><\/a><\/p>\n","protected":false},"excerpt":{"rendered":"<p>Anv\u00e4nd v\u00e5ra interaktiva kartor f\u00f6r att hitta hundparker, hundbad, hundv\u00e4nliga butiker, caf\u00e9er, barer, restauranger m.m. Nu visas: &nbsp; Visa p\u00e5 kartan:<\/p>\n","protected":false},"author":1,"featured_media":0,"parent":0,"menu_order":0,"comment_status":"closed","ping_status":"closed","template":"","meta":{"_exactmetrics_skip_tracking":false,"_exactmetrics_sitenote_active":false,"_exactmetrics_sitenote_note":"","_exactmetrics_sitenote_category":0,"footnotes":""},"class_list":["post-711","page","type-page","status-publish","hentry"],"_links":{"self":[{"href":"https:\/\/www.hundvanliga-stockholm.se\/index.php\/wp-json\/wp\/v2\/pages\/711","targetHints":{"allow":["GET"]}}],"collection":[{"href":"https:\/\/www.hundvanliga-stockholm.se\/index.php\/wp-json\/wp\/v2\/pages"}],"about":[{"href":"https:\/\/www.hundvanliga-stockholm.se\/index.php\/wp-json\/wp\/v2\/types\/page"}],"author":[{"embeddable":true,"href":"https:\/\/www.hundvanliga-stockholm.se\/index.php\/wp-json\/wp\/v2\/users\/1"}],"replies":[{"embeddable":true,"href":"https:\/\/www.hundvanliga-stockholm.se\/index.php\/wp-json\/wp\/v2\/comments?post=711"}],"version-history":[{"count":10,"href":"https:\/\/www.hundvanliga-stockholm.se\/index.php\/wp-json\/wp\/v2\/pages\/711\/revisions"}],"predecessor-version":[{"id":824,"href":"https:\/\/www.hundvanliga-stockholm.se\/index.php\/wp-json\/wp\/v2\/pages\/711\/revisions\/824"}],"wp:attachment":[{"href":"https:\/\/www.hundvanliga-stockholm.se\/index.php\/wp-json\/wp\/v2\/media?parent=711"}],"curies":[{"name":"wp","href":"https:\/\/api.w.org\/{rel}","templated":true}]}}